{"id":15,"date":"2021-03-11T13:15:23","date_gmt":"2021-03-11T13:15:23","guid":{"rendered":"https:\/\/asohinterbruehl.ac.at\/wp5\/?page_id=15"},"modified":"2026-04-23T09:31:13","modified_gmt":"2026-04-23T08:31:13","slug":"willkommen","status":"publish","type":"page","link":"https:\/\/asohinterbruehl.ac.at\/wp5\/","title":{"rendered":"Willkommen"},"content":{"rendered":"<div id=\"metaslider-id-739\" style=\"width: 100%;\" class=\"ml-slider-3-109-0 metaslider metaslider-flex metaslider-739 ml-slider has-dots-nav ms-theme-default\" role=\"region\" aria-label=\"Willkommen\" data-height=\"400\" data-width=\"900\">\n    <div id=\"metaslider_container_739\">\n        <div id=\"metaslider_739\">\n            <ul class='slides'>\n                <li style=\"display: block; width: 100%;\" class=\"slide-743 ms-image \" aria-roledescription=\"slide\" data-date=\"2021-04-16 10:50:16\" data-filename=\"Garten-800x355.jpg\" data-slide-type=\"image\"><img loading=\"lazy\" decoding=\"async\" src=\"https:\/\/asohinterbruehl.ac.at\/wp5\/wp-content\/uploads\/2021\/05\/Garten-800x355.jpg\" height=\"400\" width=\"900\" alt=\"\" class=\"slider-739 slide-743 msDefaultImage\" title=\"Garten\" \/><\/li>\n                <li style=\"display: none; width: 100%;\" class=\"slide-860 ms-image \" aria-roledescription=\"slide\" data-date=\"2021-05-28 15:19:08\" data-filename=\"Bienen-900x400.png\" data-slide-type=\"image\"><img loading=\"lazy\" decoding=\"async\" src=\"https:\/\/asohinterbruehl.ac.at\/wp5\/wp-content\/uploads\/2021\/04\/Bienen-900x400.png\" height=\"400\" width=\"900\" alt=\"\" class=\"slider-739 slide-860 msDefaultImage\" title=\"Bienen\" \/><\/li>\n            <\/ul>\n        <\/div>\n        \n    <\/div>\n<\/div>\n<p>Unsere Schule wird derzeit von etwa 85 Kindern und Jugendlichen von der Vorschulstufe bis zur Beendigung der Schulpflicht besucht.<\/p>\n<p>Alle unsere Sch\u00fclerinnen und Sch\u00fcler ben\u00f6tigen in irgendeiner Form besondere Unterst\u00fctzung, sei es auf sprachlicher Ebene, im Sozialverhalten oder in der kognitiven Aufnahmef\u00e4higkeit.<\/p>\n<p>Wir nehmen unsere Kinder mit ihren St\u00e4rken und Schw\u00e4chen an, beachten ihre individuellen Bed\u00fcrfnisse, begleiten sie einf\u00fchlsam in ihrer Entwicklung und unterrichten mit fachlicher Kompetenz. Es ist uns wichtig, alle p\u00e4dagogischen und therapeutischen Erkenntnisse der Wissenschaft voll und ganz f\u00fcr unsere Kinder und Jugendlichen einzusetzen. Ein zentrales Thema unserer Arbeit ist auch die Vermittlung ethischer Werte. Spezielle F\u00f6rderungen schaffen die Voraussetzung f\u00fcr ein selbstbestimmtes Leben. Zudem erm\u00f6glichen die Kleinklassen im Zweilehrersystem, auf die jeweiligen Bed\u00fcrfnisse der Sch\u00fclerinnen und Sch\u00fcler einzugehen.<\/p>\n<p>Wandertage, Lehrausg\u00e4nge, Exkursionen und Projekttage beleben den Schulalltag und f\u00f6rdern das soziale Miteinander der Kinder und Jugendlichen.<\/p>\n<p>&nbsp;<\/p>\n<p><strong>Aktuell haben wir:<\/strong><\/p>\n<ul>\n<li>2 Sprachheilklassen<\/li>\n<li>5 Heilp\u00e4dagogische Kleinklassen<\/li>\n<li>1 Klasse der Allgemeinen Sonderschule Oberstufe<\/li>\n<li>5 Klassen f\u00fcr Kinder mit erh\u00f6htem F\u00f6rderbedarf<\/li>\n<\/ul>\n<p>&nbsp;<\/p>\n<p><strong>Leiterin<\/strong><strong>\u00a0der Schule<\/strong><\/p>\n<p style=\"text-align: left;\">SD Barbara Eschner, BEd<\/p>\n<p style=\"text-align: left;\"><strong>Stellvertretende Leiterin<\/strong><\/p>\n<p style=\"text-align: left;\">SOL Veronika Niederreiter<\/p>\n<p style=\"text-align: left;\"><strong>Schulwartin<\/strong><\/p>\n<p style=\"text-align: left;\">Ruza Kraljevic<\/p>\n<p>&nbsp;<\/p>\n<p style=\"text-align: left;\"><strong>Zus\u00e4tzliche Angebote<\/strong><\/p>\n<ul>\n<li>SIBU (Sensorisch Integrativer Bewegungsunterricht)<\/li>\n<li>Sprachheilunterricht<\/li>\n<\/ul>\n<p>&nbsp;<\/p>\n<p><strong>Kinderschutzteam: Ansprechpersonen<\/strong><\/p>\n<ul>\n<li>Stephanie Kluger<\/li>\n<li>Barbara Thyringer-Brandstetter<\/li>\n<li>Lorena Th\u00fcr<\/li>\n<li>Martin Luef<\/li>\n<\/ul>\n","protected":false},"excerpt":{"rendered":"<p>Unsere Schule wird derzeit von etwa 85 Kindern und Jugendlichen von der Vorschulstufe bis zur Beendigung der Schulpflicht besucht. Alle unsere Sch\u00fclerinnen und Sch\u00fcler ben\u00f6tigen&hellip;<\/p>\n","protected":false},"author":1,"featured_media":0,"parent":0,"menu_order":0,"comment_status":"closed","ping_status":"closed","template":"","meta":{"footnotes":""},"class_list":["post-15","page","type-page","status-publish","hentry"],"_links":{"self":[{"href":"https:\/\/asohinterbruehl.ac.at\/wp5\/wp-json\/wp\/v2\/pages\/15","targetHints":{"allow":["GET"]}}],"collection":[{"href":"https:\/\/asohinterbruehl.ac.at\/wp5\/wp-json\/wp\/v2\/pages"}],"about":[{"href":"https:\/\/asohinterbruehl.ac.at\/wp5\/wp-json\/wp\/v2\/types\/page"}],"author":[{"embeddable":true,"href":"https:\/\/asohinterbruehl.ac.at\/wp5\/wp-json\/wp\/v2\/users\/1"}],"replies":[{"embeddable":true,"href":"https:\/\/asohinterbruehl.ac.at\/wp5\/wp-json\/wp\/v2\/comments?post=15"}],"version-history":[{"count":35,"href":"https:\/\/asohinterbruehl.ac.at\/wp5\/wp-json\/wp\/v2\/pages\/15\/revisions"}],"predecessor-version":[{"id":1664,"href":"https:\/\/asohinterbruehl.ac.at\/wp5\/wp-json\/wp\/v2\/pages\/15\/revisions\/1664"}],"wp:attachment":[{"href":"https:\/\/asohinterbruehl.ac.at\/wp5\/wp-json\/wp\/v2\/media?parent=15"}],"curies":[{"name":"wp","href":"https:\/\/api.w.org\/{rel}","templated":true}]}}