{"id":18,"date":"2021-03-11T13:17:13","date_gmt":"2021-03-11T13:17:13","guid":{"rendered":"https:\/\/asohinterbruehl.ac.at\/wp5\/?page_id=18"},"modified":"2021-09-23T10:42:59","modified_gmt":"2021-09-23T10:42:59","slug":"foerderkonzept","status":"publish","type":"page","link":"https:\/\/asohinterbruehl.ac.at\/wp5\/foerderkonzept\/","title":{"rendered":"F\u00f6rderkonzept"},"content":{"rendered":"<figure id=\"attachment_556\" aria-describedby=\"caption-attachment-556\" style=\"width: 400px\" class=\"wp-caption alignright\"><img loading=\"lazy\" decoding=\"async\" class=\"wp-image-556\" src=\"https:\/\/asohinterbruehl.ac.at\/wp5\/wp-content\/uploads\/2021\/03\/abakus-300x200.jpeg\" alt=\"abakus\" width=\"400\" height=\"267\" srcset=\"https:\/\/asohinterbruehl.ac.at\/wp5\/wp-content\/uploads\/2021\/03\/abakus-300x200.jpeg 300w, https:\/\/asohinterbruehl.ac.at\/wp5\/wp-content\/uploads\/2021\/03\/abakus-1024x683.jpeg 1024w, https:\/\/asohinterbruehl.ac.at\/wp5\/wp-content\/uploads\/2021\/03\/abakus-768x512.jpeg 768w, https:\/\/asohinterbruehl.ac.at\/wp5\/wp-content\/uploads\/2021\/03\/abakus-480x320.jpeg 480w, https:\/\/asohinterbruehl.ac.at\/wp5\/wp-content\/uploads\/2021\/03\/abakus.jpeg 1200w\" sizes=\"auto, (max-width: 400px) 100vw, 400px\" \/><figcaption id=\"caption-attachment-556\" class=\"wp-caption-text\">Bild: public domain, https:\/\/pxhere.com\/de\/photo\/1385486<\/figcaption><\/figure>\n<p><strong>Wir helfen bei:<\/strong><\/p>\n<ul>\n<li>Sprachauff\u00e4lligkeiten<\/li>\n<li>Sprachentwicklungsverz\u00f6gerungen<\/li>\n<li>Sinnesbehinderungen (Sehen, Sprechen)<\/li>\n<li>Verhaltensproblemen<\/li>\n<li>Autismus-Spektrum<\/li>\n<li>Lese-Rechtschreibschw\u00e4che<\/li>\n<li>Rechenschw\u00e4che<\/li>\n<li>ADHS<\/li>\n<li>Sozio-emotionalen Defiziten<\/li>\n<li>Wahrnehmungsbeeintr\u00e4chtigungen<\/li>\n<li>Sensorischen Integrationsst\u00f6rungen<\/li>\n<li>Problemen mit Grob- und Feinmotorik<\/li>\n<li>Allgemeinen Entwicklungsverz\u00f6gerungen<\/li>\n<li>Dyspraxie<\/li>\n<li>Konzentrationsschwierigkeiten<\/li>\n<li>Lernschwierigkeiten<\/li>\n<\/ul>\n","protected":false},"excerpt":{"rendered":"<p>Wir helfen bei: Sprachauff\u00e4lligkeiten Sprachentwicklungsverz\u00f6gerungen Sinnesbehinderungen (Sehen, Sprechen) Verhaltensproblemen Autismus-Spektrum Lese-Rechtschreibschw\u00e4che Rechenschw\u00e4che ADHS Sozio-emotionalen Defiziten Wahrnehmungsbeeintr\u00e4chtigungen Sensorischen Integrationsst\u00f6rungen Problemen mit Grob- und Feinmotorik Allgemeinen Entwicklungsverz\u00f6gerungen&hellip;<\/p>\n","protected":false},"author":1,"featured_media":0,"parent":0,"menu_order":0,"comment_status":"closed","ping_status":"closed","template":"","meta":{"footnotes":""},"class_list":["post-18","page","type-page","status-publish","hentry"],"_links":{"self":[{"href":"https:\/\/asohinterbruehl.ac.at\/wp5\/wp-json\/wp\/v2\/pages\/18","targetHints":{"allow":["GET"]}}],"collection":[{"href":"https:\/\/asohinterbruehl.ac.at\/wp5\/wp-json\/wp\/v2\/pages"}],"about":[{"href":"https:\/\/asohinterbruehl.ac.at\/wp5\/wp-json\/wp\/v2\/types\/page"}],"author":[{"embeddable":true,"href":"https:\/\/asohinterbruehl.ac.at\/wp5\/wp-json\/wp\/v2\/users\/1"}],"replies":[{"embeddable":true,"href":"https:\/\/asohinterbruehl.ac.at\/wp5\/wp-json\/wp\/v2\/comments?post=18"}],"version-history":[{"count":22,"href":"https:\/\/asohinterbruehl.ac.at\/wp5\/wp-json\/wp\/v2\/pages\/18\/revisions"}],"predecessor-version":[{"id":932,"href":"https:\/\/asohinterbruehl.ac.at\/wp5\/wp-json\/wp\/v2\/pages\/18\/revisions\/932"}],"wp:attachment":[{"href":"https:\/\/asohinterbruehl.ac.at\/wp5\/wp-json\/wp\/v2\/media?parent=18"}],"curies":[{"name":"wp","href":"https:\/\/api.w.org\/{rel}","templated":true}]}}