{"id":246,"date":"2021-03-13T16:08:43","date_gmt":"2021-03-13T16:08:43","guid":{"rendered":"https:\/\/asohinterbruehl.ac.at\/wp5\/?page_id=246"},"modified":"2025-10-26T09:13:21","modified_gmt":"2025-10-26T08:13:21","slug":"mosaikklassen-2","status":"publish","type":"page","link":"https:\/\/asohinterbruehl.ac.at\/wp5\/mosaikklassen-2\/","title":{"rendered":"Mosaikklassen"},"content":{"rendered":"<p>Derzeit gibt es in der ASO Hinterbr\u00fchl f\u00fcnf Mosaik-Klassen mit maximal 6 Kindern.<\/p>\n<p>In den Mosaik-Klassen werden Sch\u00fclerinnen und Sch\u00fcler mit erh\u00f6htem F\u00f6rderbedarf nach dem SEF-Lehrplan unterrichtet. Der Unterricht\u00a0\u00a0orientiert sich an den individuellen Bed\u00fcrfnissen der Kinder. Es wird darauf geachtet, die Unterrichtsarbeit lebenspraktisch zu gestalten und dabei auf den Lernstand der Kinder im Allgemeinen, sowie einzelner Sch\u00fcler\/innen im Besonderen einzugehen. Weitere wesentliche Bestandteile sind die motorische Kompetenzerweiterung, das Erlernen, \u00dcben und Festigen lebenspraktischer Fertigkeiten, die Sprachentwicklung, die F\u00f6rderung und Festigung der Selbstst\u00e4ndigkeit und Handlungsplanung, die Wortschatzerweiterung, sowie das Soziale Lernen.<\/p>\n<p>Basierend auf den vorhandenen Ressourcen und Bed\u00fcrfnissen der Kinder, wird f\u00fcr jedes Kind ein individueller F\u00f6rderplan mit entsprechenden F\u00f6rderzielen erstellt, an denen in Kooperation mit dem beteiligtem Lehrerteam und den Eltern\/Erziehungsberechtigten gearbeitet wird.<\/p>\n<p>Ziel der Mosaikklassen ist es, den Sch\u00fclerinnen und Sch\u00fclern anhand nachhaltiger, lebensnaher Unterrichtsarbeit zu weitgreifender Selbstst\u00e4ndigkeit zu verhelfen, um ein m\u00f6glichst eigenst\u00e4ndiges Leben f\u00fchren zu k\u00f6nnen.<\/p>\n<h3>Teams im heurigen Schuljahr<\/h3>\n<p><strong>M1:<\/strong><\/p>\n<p><span style=\"font-size: 1rem;\">Karin HOLZSCHUH<\/span><\/p>\n<p>Margit WASTL<\/p>\n<p>&nbsp;<\/p>\n<p><strong>M2:<\/strong><\/p>\n<p><span style=\"font-size: 1rem;\">Astrid LUMENDA<\/span><\/p>\n<p>Olga PERSHINA<\/p>\n<p>&nbsp;<\/p>\n<p><strong>M3:<\/strong><\/p>\n<p><span style=\"font-size: 1rem;\">Alexandra SKALICKY-G\u00dcNTNER\u00a0<\/span><\/p>\n<p>Nina KLEIN<\/p>\n<p>&nbsp;<\/p>\n<p><strong>M4:<\/strong><\/p>\n<p>Anita WEBER<\/p>\n<p>Jochen FINK<\/p>\n<p>&nbsp;<\/p>\n<p><strong>M5:<\/strong><\/p>\n<p>Michaela KARNER<\/p>\n<p>Jochen FINK<\/p>\n<p>&nbsp;<\/p>\n<p><strong>Religion: r\u00f6m. kath.:<\/strong><\/p>\n<p>Bettina FISCHER<\/p>\n<p>Sonja M\u00d6LK<\/p>\n<p>Johannes VOGRIN<\/p>\n<p><strong>Religion: evang.:<\/strong><\/p>\n<p>Jutta LOS<\/p>\n<p><strong>Religion: islam.:<\/strong><\/p>\n<p>Dilek SERTTAS<\/p>\n","protected":false},"excerpt":{"rendered":"<p>Derzeit gibt es in der ASO Hinterbr\u00fchl f\u00fcnf Mosaik-Klassen mit maximal 6 Kindern. In den Mosaik-Klassen werden Sch\u00fclerinnen und Sch\u00fcler mit erh\u00f6htem F\u00f6rderbedarf nach dem&hellip;<\/p>\n","protected":false},"author":1,"featured_media":0,"parent":0,"menu_order":0,"comment_status":"closed","ping_status":"closed","template":"","meta":{"footnotes":""},"class_list":["post-246","page","type-page","status-publish","hentry"],"_links":{"self":[{"href":"https:\/\/asohinterbruehl.ac.at\/wp5\/wp-json\/wp\/v2\/pages\/246","targetHints":{"allow":["GET"]}}],"collection":[{"href":"https:\/\/asohinterbruehl.ac.at\/wp5\/wp-json\/wp\/v2\/pages"}],"about":[{"href":"https:\/\/asohinterbruehl.ac.at\/wp5\/wp-json\/wp\/v2\/types\/page"}],"author":[{"embeddable":true,"href":"https:\/\/asohinterbruehl.ac.at\/wp5\/wp-json\/wp\/v2\/users\/1"}],"replies":[{"embeddable":true,"href":"https:\/\/asohinterbruehl.ac.at\/wp5\/wp-json\/wp\/v2\/comments?post=246"}],"version-history":[{"count":22,"href":"https:\/\/asohinterbruehl.ac.at\/wp5\/wp-json\/wp\/v2\/pages\/246\/revisions"}],"predecessor-version":[{"id":1620,"href":"https:\/\/asohinterbruehl.ac.at\/wp5\/wp-json\/wp\/v2\/pages\/246\/revisions\/1620"}],"wp:attachment":[{"href":"https:\/\/asohinterbruehl.ac.at\/wp5\/wp-json\/wp\/v2\/media?parent=246"}],"curies":[{"name":"wp","href":"https:\/\/api.w.org\/{rel}","templated":true}]}}