{"id":30,"date":"2021-03-11T13:22:20","date_gmt":"2021-03-11T13:22:20","guid":{"rendered":"https:\/\/asohinterbruehl.ac.at\/wp5\/?page_id=30"},"modified":"2025-10-26T09:11:22","modified_gmt":"2025-10-26T08:11:22","slug":"zusatzangebote","status":"publish","type":"page","link":"https:\/\/asohinterbruehl.ac.at\/wp5\/zusatzangebote\/","title":{"rendered":"Zusatzangebote"},"content":{"rendered":"<p>F\u00fcr Sch\u00fcler und Sch\u00fclerinnen der ASO Hinterbr\u00fchl bieten<\/p>\n<p>einige P\u00e4dagoginnen zus\u00e4tzliche F\u00f6rderm\u00f6glichkeiten an.<\/p>\n<p><strong>SIBU = S<\/strong>ensorisch<strong> I<\/strong>ntegrativer<strong> B<\/strong>ewegungs<strong>u<\/strong>nterricht<\/p>\n<ul>\n<li>F\u00f6rderung in Kleingruppen durch zwei P\u00e4dagoginnen<\/li>\n<li>Training der Basissinne in Spiel- und Bewegungssituationen<\/li>\n<li>Freie Wahl der Besch\u00e4ftigung mit Betonung des sozialen Aspekts\n<ul>\n<li>warten k\u00f6nnen, abwechseln, R\u00fccksicht nehmen, Absprache treffen<\/li>\n<\/ul>\n<\/li>\n<li>Arbeit im Bewegungsraum<\/li>\n<\/ul>\n","protected":false},"excerpt":{"rendered":"<p>F\u00fcr Sch\u00fcler und Sch\u00fclerinnen der ASO Hinterbr\u00fchl bieten einige P\u00e4dagoginnen zus\u00e4tzliche F\u00f6rderm\u00f6glichkeiten an. SIBU = Sensorisch Integrativer Bewegungsunterricht F\u00f6rderung in Kleingruppen durch zwei P\u00e4dagoginnen Training&hellip;<\/p>\n","protected":false},"author":1,"featured_media":0,"parent":0,"menu_order":0,"comment_status":"closed","ping_status":"closed","template":"","meta":{"footnotes":""},"class_list":["post-30","page","type-page","status-publish","hentry"],"_links":{"self":[{"href":"https:\/\/asohinterbruehl.ac.at\/wp5\/wp-json\/wp\/v2\/pages\/30","targetHints":{"allow":["GET"]}}],"collection":[{"href":"https:\/\/asohinterbruehl.ac.at\/wp5\/wp-json\/wp\/v2\/pages"}],"about":[{"href":"https:\/\/asohinterbruehl.ac.at\/wp5\/wp-json\/wp\/v2\/types\/page"}],"author":[{"embeddable":true,"href":"https:\/\/asohinterbruehl.ac.at\/wp5\/wp-json\/wp\/v2\/users\/1"}],"replies":[{"embeddable":true,"href":"https:\/\/asohinterbruehl.ac.at\/wp5\/wp-json\/wp\/v2\/comments?post=30"}],"version-history":[{"count":5,"href":"https:\/\/asohinterbruehl.ac.at\/wp5\/wp-json\/wp\/v2\/pages\/30\/revisions"}],"predecessor-version":[{"id":1618,"href":"https:\/\/asohinterbruehl.ac.at\/wp5\/wp-json\/wp\/v2\/pages\/30\/revisions\/1618"}],"wp:attachment":[{"href":"https:\/\/asohinterbruehl.ac.at\/wp5\/wp-json\/wp\/v2\/media?parent=30"}],"curies":[{"name":"wp","href":"https:\/\/api.w.org\/{rel}","templated":true}]}}