{"id":32,"date":"2021-03-11T13:22:46","date_gmt":"2021-03-11T13:22:46","guid":{"rendered":"https:\/\/asohinterbruehl.ac.at\/wp5\/?page_id=32"},"modified":"2025-10-03T07:21:08","modified_gmt":"2025-10-03T06:21:08","slug":"elternverein","status":"publish","type":"page","link":"https:\/\/asohinterbruehl.ac.at\/wp5\/elternverein\/","title":{"rendered":"Elternverein"},"content":{"rendered":"<p>Schon viele Jahre hat unsere Schule einen Elternverein.<\/p>\n<p>Der Elterverein soll ein Bindeglied zwischen Eltern, Sch\u00fclernInnen, LehrerInnen und Direktorin sein.<\/p>\n<p>Der Elternverein organisiert Veranstaltungen zum Beispiel unser Schulanfangsfest, damit sich LehrerInnen, Eltern und Sch\u00fclerInnen besser kennen lernen k\u00f6nnen.<\/p>\n<p>Au\u00dferdem hilft der Elternverein bei finanziellen Engp\u00e4ssen von Schule und Sch\u00fclerInnen.<\/p>\n<p>Daf\u00fcr bedanken wir uns herzlich.<\/p>\n<p>&nbsp;<\/p>\n<p>Obfrau<\/p>\n<p>Astrid K\u00d6NIG<\/p>\n<p>&nbsp;<\/p>\n<p>Stellvertreterin<\/p>\n<p>Ankica LASTRO<\/p>\n","protected":false},"excerpt":{"rendered":"<p>Schon viele Jahre hat unsere Schule einen Elternverein. Der Elterverein soll ein Bindeglied zwischen Eltern, Sch\u00fclernInnen, LehrerInnen und Direktorin sein. Der Elternverein organisiert Veranstaltungen zum&hellip;<\/p>\n","protected":false},"author":1,"featured_media":0,"parent":0,"menu_order":0,"comment_status":"closed","ping_status":"closed","template":"","meta":{"footnotes":""},"class_list":["post-32","page","type-page","status-publish","hentry"],"_links":{"self":[{"href":"https:\/\/asohinterbruehl.ac.at\/wp5\/wp-json\/wp\/v2\/pages\/32","targetHints":{"allow":["GET"]}}],"collection":[{"href":"https:\/\/asohinterbruehl.ac.at\/wp5\/wp-json\/wp\/v2\/pages"}],"about":[{"href":"https:\/\/asohinterbruehl.ac.at\/wp5\/wp-json\/wp\/v2\/types\/page"}],"author":[{"embeddable":true,"href":"https:\/\/asohinterbruehl.ac.at\/wp5\/wp-json\/wp\/v2\/users\/1"}],"replies":[{"embeddable":true,"href":"https:\/\/asohinterbruehl.ac.at\/wp5\/wp-json\/wp\/v2\/comments?post=32"}],"version-history":[{"count":11,"href":"https:\/\/asohinterbruehl.ac.at\/wp5\/wp-json\/wp\/v2\/pages\/32\/revisions"}],"predecessor-version":[{"id":1588,"href":"https:\/\/asohinterbruehl.ac.at\/wp5\/wp-json\/wp\/v2\/pages\/32\/revisions\/1588"}],"wp:attachment":[{"href":"https:\/\/asohinterbruehl.ac.at\/wp5\/wp-json\/wp\/v2\/media?parent=32"}],"curies":[{"name":"wp","href":"https:\/\/api.w.org\/{rel}","templated":true}]}}