{"id":34,"date":"2021-03-11T13:23:03","date_gmt":"2021-03-11T13:23:03","guid":{"rendered":"https:\/\/asohinterbruehl.ac.at\/wp5\/?page_id=34"},"modified":"2025-10-26T09:10:26","modified_gmt":"2025-10-26T08:10:26","slug":"nachmittagsbetreuung","status":"publish","type":"page","link":"https:\/\/asohinterbruehl.ac.at\/wp5\/nachmittagsbetreuung\/","title":{"rendered":"Nachmittagsbetreuung"},"content":{"rendered":"<figure style=\"width: 510px\" class=\"wp-caption alignright\"><img loading=\"lazy\" decoding=\"async\" src=\"https:\/\/c.pxhere.com\/photos\/a6\/f3\/kindergarten_children_play_fun_happy_playgroup_children's_group_group_game-1331154.jpg!s\" alt=\"spielen,Farbe,Kind,Kinder,Spa\u00df,gl\u00fccklich\" width=\"510\" height=\"340\" \/><figcaption class=\"wp-caption-text\"><em>Bild: public domain, https:\/\/pxhere.com\/de\/photo\/1331154<\/em><\/figcaption><\/figure>\n<p>&nbsp;<\/p>\n<p>&nbsp;<\/p>\n<p>Den Kindern der ASO Hinterbr\u00fchl wird von Montag bis<\/p>\n<p>Donnerstag in der Zeit von 12.30 Uhr bis 16.30 Uhr und<\/p>\n<p>freitags bis 16.00 Uhr eine Nachmittagsbetreuung im Rahmen der<\/p>\n<p>ganzt\u00e4gigen Schulform in getrennter Abfolge angeboten.<\/p>\n<p>&nbsp;<\/p>\n<p>In dieser Zeit k\u00fcmmern sich zwei Hortbetreuer\/innen um die Kinder.<\/p>\n<p>&nbsp;<\/p>\n<p>Zus\u00e4tzlich stehen den Sch\u00fclern und Sch\u00fclerinnen von 13.30 Uhr<\/p>\n<p>bis 15.30 Uhr zwei P\u00e4dagoginnen f\u00fcrdie Haus\u00fcbungen und anderen Lernaufgaben zur Verf\u00fcgung.<\/p>\n<p>Weiters k\u00f6nnen die Kinder zwischen verschiedenen Spiel- und Freizeitangeboten w\u00e4hlen.<\/p>\n","protected":false},"excerpt":{"rendered":"<p>&nbsp; &nbsp; Den Kindern der ASO Hinterbr\u00fchl wird von Montag bis Donnerstag in der Zeit von 12.30 Uhr bis 16.30 Uhr und freitags bis 16.00&hellip;<\/p>\n","protected":false},"author":1,"featured_media":0,"parent":0,"menu_order":0,"comment_status":"closed","ping_status":"closed","template":"","meta":{"footnotes":""},"class_list":["post-34","page","type-page","status-publish","hentry"],"_links":{"self":[{"href":"https:\/\/asohinterbruehl.ac.at\/wp5\/wp-json\/wp\/v2\/pages\/34","targetHints":{"allow":["GET"]}}],"collection":[{"href":"https:\/\/asohinterbruehl.ac.at\/wp5\/wp-json\/wp\/v2\/pages"}],"about":[{"href":"https:\/\/asohinterbruehl.ac.at\/wp5\/wp-json\/wp\/v2\/types\/page"}],"author":[{"embeddable":true,"href":"https:\/\/asohinterbruehl.ac.at\/wp5\/wp-json\/wp\/v2\/users\/1"}],"replies":[{"embeddable":true,"href":"https:\/\/asohinterbruehl.ac.at\/wp5\/wp-json\/wp\/v2\/comments?post=34"}],"version-history":[{"count":8,"href":"https:\/\/asohinterbruehl.ac.at\/wp5\/wp-json\/wp\/v2\/pages\/34\/revisions"}],"predecessor-version":[{"id":1617,"href":"https:\/\/asohinterbruehl.ac.at\/wp5\/wp-json\/wp\/v2\/pages\/34\/revisions\/1617"}],"wp:attachment":[{"href":"https:\/\/asohinterbruehl.ac.at\/wp5\/wp-json\/wp\/v2\/media?parent=34"}],"curies":[{"name":"wp","href":"https:\/\/api.w.org\/{rel}","templated":true}]}}