{"id":40,"date":"2021-03-11T13:24:15","date_gmt":"2021-03-11T13:24:15","guid":{"rendered":"https:\/\/asohinterbruehl.ac.at\/wp5\/?page_id=40"},"modified":"2025-10-26T09:12:07","modified_gmt":"2025-10-26T08:12:07","slug":"informationen","status":"publish","type":"page","link":"https:\/\/asohinterbruehl.ac.at\/wp5\/informationen\/","title":{"rendered":"Informationen"},"content":{"rendered":"<p><strong>Liebe Eltern und liebe Erziehungsberechtigte!<\/strong><br \/>\n<strong>Bitte beachten Sie die folgenden Informationen:<\/strong><\/p>\n<h2>Bringen und Abholen<\/h2>\n<p>Wenn Sie Ihr Kind morgens den Schulberg hinaufbegleiten, ersuchen wir Sie, sich vor dem Schulhaus von Ihrem Kind zu verabschieden und Ihr Kind alleine in das Schulgeb\u00e4ude hineinzuschicken.<\/p>\n<p>Warten Sie bitte auch beim Abholen vor dem Schulgeb\u00e4ude.<\/p>\n<h2>Fahrverbot am Schulberg<\/h2>\n<p>Wir ersuchen Sie im Interesse der Sicherheit Ihres Kindes das strikte Fahrverbot am Schulberg zu beachten. Aufgrund des beengten Raumes muss der Platz vor den Schulen f\u00fcr Einsatzfahrzeuge freigehalten werden.<\/p>\n<h2>Mitteilungsheft<\/h2>\n<p>Das Mitteilungsheft dient den Lehrkr\u00e4ften und der Schulleitung als Kommunikationsmittel zwischen Schule und Elternhaus. Daher bitten wir Sie, dieses t\u00e4glich zu kontrollieren und Eintr\u00e4ge mit Ihrer Unterschrift abzuzeichnen.<\/p>\n<h2>Schulbus<\/h2>\n<p>Die Organisation des Transports von Sch\u00fclerinnen und Sch\u00fclern durch die verschiedenen Unternehmen f\u00e4llt in den Aufgabenbereich der Eltern bzw. Erziehungsberechtigen.<\/p>\n<p>Bitte informieren Sie die Unternehmen bei:<\/p>\n<ul>\n<li>Krankheit des Kindes<\/li>\n<li>ge\u00e4nderten Unterrichtszeiten<\/li>\n<li>ge\u00e4nderten Hortzeiten<\/li>\n<\/ul>\n<p>Die ASO Hinterbr\u00fchl \u00fcbernimmt keine Haftung f\u00fcr Verluste und Besch\u00e4digungen w\u00e4hrend der Fahrt.<\/p>\n<h2>Erkrankung<\/h2>\n<p>Sollte Ihr Kind im Krankheitsfall den Unterricht nicht besuchen k\u00f6nnen, m\u00fcssen Sie dies telefonisch vor 7:45 Uhr in der Direktion (02236\/26757) melden.<\/p>\n<p>Bei mehr als 3 Tagen Erkrankung, ist eine Best\u00e4tigung des behandelnden Arztes zu erbringen.<\/p>\n<h2>Freistellung vom Unterricht<\/h2>\n<p>Sollten Sie in besonderen Anlassf\u00e4llen eine Freistellung Ihres Kindes vom Unterricht ben\u00f6tigen, so gilt daf\u00fcr folgende Regelung:<\/p>\n<ul>\n<li>Eine Freistellung bis zu einem Tag kann durch die Klassenlehrkraft erfolgen.<\/li>\n<li>Eine Freistellung bis zu einer Woche kann durch die Schulleitung erfolgen.<\/li>\n<li>Eine Freistellung von mehr als einer Woche, muss \u00fcber die Direktion an die Bildungsdirektion Nieder\u00f6sterreich erfolgen.<\/li>\n<\/ul>\n<h2>Gespr\u00e4chstermine<\/h2>\n<p>Sollten Sie einen Gespr\u00e4chstermin mit einer Lehrkraft oder der Schulleitung w\u00fcnschen, so ist dies immer nach Vereinbarung m\u00f6glich.<\/p>\n<h2>Besondere Ereignisse im Umfeld des Kindes<\/h2>\n<p>Wir ersuchen Sie, uns Bescheid zu geben, wenn Ihr Kind von einschneidenden Ereignissen (Geburt eines Geschwisterkindes, Todesfall in der Familie, Scheidung, usw.) betroffen sein sollte, damit wir ev. Ver\u00e4nderungen im Verhalten des Kindes besser verstehen k\u00f6nnen.<\/p>\n<h2>Nachmittagsbetreuung<\/h2>\n<p>Sollte ihr Kind aus diversen Gr\u00fcnden nicht in die Nachmittagsbetreuung gehen k\u00f6nnen, so ist eine Abmeldung bis 8:00 m\u00f6glich. Bei einer sp\u00e4teren Abmeldung m\u00fcssen die Kosten den Eltern in Rechnung gestellt werden.<\/p>\n<h2>Medikamente\/Allergien<\/h2>\n<p>Sollte Ihr Kind regelm\u00e4\u00dfig Medikamente einnehmen, bitten wir um genaue Informationen. Falls es notwendig sein sollte, das Medikament auch am Vormittag zu verabreichen, ben\u00f6tigen wir eine \u00e4rztliche Best\u00e4tigung.<\/p>\n","protected":false},"excerpt":{"rendered":"<p>Liebe Eltern und liebe Erziehungsberechtigte! Bitte beachten Sie die folgenden Informationen: Bringen und Abholen Wenn Sie Ihr Kind morgens den Schulberg hinaufbegleiten, ersuchen wir Sie,&hellip;<\/p>\n","protected":false},"author":1,"featured_media":0,"parent":0,"menu_order":0,"comment_status":"closed","ping_status":"closed","template":"","meta":{"footnotes":""},"class_list":["post-40","page","type-page","status-publish","hentry"],"_links":{"self":[{"href":"https:\/\/asohinterbruehl.ac.at\/wp5\/wp-json\/wp\/v2\/pages\/40","targetHints":{"allow":["GET"]}}],"collection":[{"href":"https:\/\/asohinterbruehl.ac.at\/wp5\/wp-json\/wp\/v2\/pages"}],"about":[{"href":"https:\/\/asohinterbruehl.ac.at\/wp5\/wp-json\/wp\/v2\/types\/page"}],"author":[{"embeddable":true,"href":"https:\/\/asohinterbruehl.ac.at\/wp5\/wp-json\/wp\/v2\/users\/1"}],"replies":[{"embeddable":true,"href":"https:\/\/asohinterbruehl.ac.at\/wp5\/wp-json\/wp\/v2\/comments?post=40"}],"version-history":[{"count":7,"href":"https:\/\/asohinterbruehl.ac.at\/wp5\/wp-json\/wp\/v2\/pages\/40\/revisions"}],"predecessor-version":[{"id":1619,"href":"https:\/\/asohinterbruehl.ac.at\/wp5\/wp-json\/wp\/v2\/pages\/40\/revisions\/1619"}],"wp:attachment":[{"href":"https:\/\/asohinterbruehl.ac.at\/wp5\/wp-json\/wp\/v2\/media?parent=40"}],"curies":[{"name":"wp","href":"https:\/\/api.w.org\/{rel}","templated":true}]}}