{"id":42,"date":"2021-03-11T13:24:29","date_gmt":"2021-03-11T13:24:29","guid":{"rendered":"https:\/\/asohinterbruehl.ac.at\/wp5\/?page_id=42"},"modified":"2026-03-19T09:32:50","modified_gmt":"2026-03-19T08:32:50","slug":"sponsoren","status":"publish","type":"page","link":"https:\/\/asohinterbruehl.ac.at\/wp5\/sponsoren\/","title":{"rendered":"Sponsoren"},"content":{"rendered":"<h2><\/h2>\n<h2>Sparbacher Dorfgemeinschaft<strong><br \/>\n<\/strong><\/h2>\n<p>Vielen Dank f\u00fcr die Spende im Schuljahr 2026\/26 von 750\u20ac.<\/p>\n<p><a href=\"http:\/\/www.sparbach.at\">http:\/\/www.sparbach.at<\/a><\/p>\n<h2><\/h2>\n<p>&nbsp;<\/p>\n<h2>Rechtsanwaltskanzlei K\u00d6NIG<\/h2>\n<p>Vielen herzlichen Dank f\u00fcr die Spende im Schuljahr 2024\/25 von 500\u20ac.<\/p>\n<p>&nbsp;<\/p>\n<h2>Sport -Thieme und Lions Club Hinterbr\u00fchl<\/h2>\n<p>Wir bedanken uns f\u00fcr die gro\u00dfz\u00fcgige Spende. Durch Ihre Unterst\u00fctzung wurde ein neuer Sprungkasten angekauft.<\/p>\n<p>&nbsp;<\/p>\n<h2>Hochwasserspende<\/h2>\n<p>Mit Hilfe unserer Lehrer*innen, Eltern und des Vereins &#8222;Frauen f\u00fcr Biedermannsdorf&#8220; konnten wir einer vom Hochwasser betroffenen Familie eine Spende in H\u00f6he von 2200\u20ac \u00fcberreichen.<br \/>\nDANKE f\u00fcr dieses gro\u00dfz\u00fcgige Zeichen der Hilfsbereitschaft!<\/p>\n<p>&nbsp;<\/p>\n<p>&nbsp;<\/p>\n<p>&nbsp;<\/p>\n<h2><\/h2>\n<h2><\/h2>\n<h2><\/h2>\n<h2><\/h2>\n<h2><\/h2>\n<h2><\/h2>\n<p>&nbsp;<\/p>\n","protected":false},"excerpt":{"rendered":"<p>Sparbacher Dorfgemeinschaft Vielen Dank f\u00fcr die Spende im Schuljahr 2026\/26 von 750\u20ac. http:\/\/www.sparbach.at &nbsp; Rechtsanwaltskanzlei K\u00d6NIG Vielen herzlichen Dank f\u00fcr die Spende im Schuljahr 2024\/25&hellip;<\/p>\n","protected":false},"author":1,"featured_media":0,"parent":0,"menu_order":0,"comment_status":"closed","ping_status":"closed","template":"","meta":{"footnotes":""},"class_list":["post-42","page","type-page","status-publish","hentry"],"_links":{"self":[{"href":"https:\/\/asohinterbruehl.ac.at\/wp5\/wp-json\/wp\/v2\/pages\/42","targetHints":{"allow":["GET"]}}],"collection":[{"href":"https:\/\/asohinterbruehl.ac.at\/wp5\/wp-json\/wp\/v2\/pages"}],"about":[{"href":"https:\/\/asohinterbruehl.ac.at\/wp5\/wp-json\/wp\/v2\/types\/page"}],"author":[{"embeddable":true,"href":"https:\/\/asohinterbruehl.ac.at\/wp5\/wp-json\/wp\/v2\/users\/1"}],"replies":[{"embeddable":true,"href":"https:\/\/asohinterbruehl.ac.at\/wp5\/wp-json\/wp\/v2\/comments?post=42"}],"version-history":[{"count":37,"href":"https:\/\/asohinterbruehl.ac.at\/wp5\/wp-json\/wp\/v2\/pages\/42\/revisions"}],"predecessor-version":[{"id":1661,"href":"https:\/\/asohinterbruehl.ac.at\/wp5\/wp-json\/wp\/v2\/pages\/42\/revisions\/1661"}],"wp:attachment":[{"href":"https:\/\/asohinterbruehl.ac.at\/wp5\/wp-json\/wp\/v2\/media?parent=42"}],"curies":[{"name":"wp","href":"https:\/\/api.w.org\/{rel}","templated":true}]}}