{"id":44,"date":"2021-03-11T13:24:47","date_gmt":"2021-03-11T13:24:47","guid":{"rendered":"https:\/\/asohinterbruehl.ac.at\/wp5\/?page_id=44"},"modified":"2021-04-08T11:56:13","modified_gmt":"2021-04-08T11:56:13","slug":"autismusberatung","status":"publish","type":"page","link":"https:\/\/asohinterbruehl.ac.at\/wp5\/autismusberatung\/","title":{"rendered":"Autismusberatung"},"content":{"rendered":"<h2>Tatigkeitsfelder der Autismusberatung<\/h2>\n<ul>\n<li>telefonische Beratung (Falldarstellung, Krisenintervention, erg\u00e4nzende Informationen nach einer Beratung, Elternkontakt)<\/li>\n<li>Hospitation der Sch\u00fclerin\/des Sch\u00fclers im Autismus-Spektrum vor Ort<\/li>\n<li>Aufkl\u00e4rung \u00fcber Merkmale des Autismus-Spektrums und spezifische methodisch-didaktische Umsetzungsm\u00f6glichkeiten im Unterricht<\/li>\n<li>Aufkl\u00e4rung \u00fcber funktionale Aspekte herausfordernden Verhaltens<\/li>\n<li>gemeinsames Erarbeiten von L\u00f6sungsans\u00e4tzen<\/li>\n<li>Abhaltung p\u00e4dagogischer Konferenzen zur Information des Kollegiums<\/li>\n<li>Schriftlicher Beratungsbericht mit methodisch-didaktischen Empfehlungen und\/oder Vorschl\u00e4gen zur Verhaltensmodifikation<\/li>\n<li>Fachliche Unterst\u00fctzung bei Elterngespr\u00e4chen, Helferkonferenzen<\/li>\n<\/ul>\n<p><strong>Das Anfordern einer Autismus-Beratung kann ausschlie\u00dflich \u00fcber die Direktion\u00a0der betreffenden Schule oder die Pflichtschulinspektoren erfolgen.<\/strong><\/p>\n<p>&nbsp;<\/p>\n<h2>Anfordern einer Autismusberatung<strong><br \/>\n<\/strong><\/h2>\n<ul>\n<li>Kontaktaufnahme mit einer Beraterin via Telefon oder Mail, Sachverhaltsdarstellung und Terminvereinbarung<\/li>\n<li>formloses Anforderungsschreiben (Mail) mit Datum der Beratung der anfordernden Schulleitung an die Beraterin<\/li>\n<li><strong>Die Schulleitung informiert die Eltern der betroffenen Sch\u00fclerin\/des betroffenen Sch\u00fclers<\/strong><\/li>\n<li><strong>Die Schulleitung informiert die\/den zust\u00e4ndigen Pflichtschulinspektor\/in \u00fcber die Anforderung einer Autismus-Beratung<\/strong><\/li>\n<\/ul>\n<p><strong>Weitere Informationen \u00fcber das Autismus-Spektrum finden Sie auf<\/strong><\/p>\n<p><strong><a href=\"https:\/\/lms.at\/\">https:\/\/lms.at<\/a>\u00a0\/ Netzwerk Sonderp\u00e4dagogik \/ Autismus<\/strong><\/p>\n<p><img loading=\"lazy\" decoding=\"async\" src=\"https:\/\/asohinterbruehl.ac.at\/images\/hermannGmeiner\/PDF-download-icon.png\" alt=\"PDF-download-icon\" width=\"50\" height=\"50\" \/><a href=\"https:\/\/asohinterbruehl.ac.at\/images\/hermannGmeiner\/download\/AS_-_Folder_2020-21.pdf\">Handout Autismusberatung Schuljahr\u00a02020\/21<\/a><\/p>\n<p>&nbsp;<\/p>\n<p>LITERATURLISTE: AUTISMUS-SPEKTRUM<\/p>\n<p><a href=\"https:\/\/asohinterbruehl.ac.at\/images\/hermannGmeiner\/download\/LiteraturAS.pdf\"><img loading=\"lazy\" decoding=\"async\" src=\"https:\/\/asohinterbruehl.ac.at\/images\/hermannGmeiner\/PDF-download-icon.png\" alt=\"PDF-download-icon\" width=\"50\" height=\"50\" \/>Literaturliste AS<\/a><\/p>\n","protected":false},"excerpt":{"rendered":"<p>Tatigkeitsfelder der Autismusberatung telefonische Beratung (Falldarstellung, Krisenintervention, erg\u00e4nzende Informationen nach einer Beratung, Elternkontakt) Hospitation der Sch\u00fclerin\/des Sch\u00fclers im Autismus-Spektrum vor Ort Aufkl\u00e4rung \u00fcber Merkmale des&hellip;<\/p>\n","protected":false},"author":1,"featured_media":0,"parent":0,"menu_order":0,"comment_status":"closed","ping_status":"closed","template":"","meta":{"footnotes":""},"class_list":["post-44","page","type-page","status-publish","hentry"],"_links":{"self":[{"href":"https:\/\/asohinterbruehl.ac.at\/wp5\/wp-json\/wp\/v2\/pages\/44","targetHints":{"allow":["GET"]}}],"collection":[{"href":"https:\/\/asohinterbruehl.ac.at\/wp5\/wp-json\/wp\/v2\/pages"}],"about":[{"href":"https:\/\/asohinterbruehl.ac.at\/wp5\/wp-json\/wp\/v2\/types\/page"}],"author":[{"embeddable":true,"href":"https:\/\/asohinterbruehl.ac.at\/wp5\/wp-json\/wp\/v2\/users\/1"}],"replies":[{"embeddable":true,"href":"https:\/\/asohinterbruehl.ac.at\/wp5\/wp-json\/wp\/v2\/comments?post=44"}],"version-history":[{"count":9,"href":"https:\/\/asohinterbruehl.ac.at\/wp5\/wp-json\/wp\/v2\/pages\/44\/revisions"}],"predecessor-version":[{"id":694,"href":"https:\/\/asohinterbruehl.ac.at\/wp5\/wp-json\/wp\/v2\/pages\/44\/revisions\/694"}],"wp:attachment":[{"href":"https:\/\/asohinterbruehl.ac.at\/wp5\/wp-json\/wp\/v2\/media?parent=44"}],"curies":[{"name":"wp","href":"https:\/\/api.w.org\/{rel}","templated":true}]}}