{"id":685,"date":"2021-04-08T10:52:28","date_gmt":"2021-04-08T10:52:28","guid":{"rendered":"https:\/\/asohinterbruehl.ac.at\/wp5\/?page_id=685"},"modified":"2024-09-12T10:07:25","modified_gmt":"2024-09-12T09:07:25","slug":"foerderangebote","status":"publish","type":"page","link":"https:\/\/asohinterbruehl.ac.at\/wp5\/foerderangebote\/","title":{"rendered":"F\u00f6rderangebote"},"content":{"rendered":"<h2>Sprachf\u00f6rderung<\/h2>\n<p>Kinder, die einen sprachlichen F\u00f6rderbedarf aufweisen, werden im Rahmen des Unterrichts einmal pro Woche f\u00fcr eine halbe Unterrichtseinheit einzeln betreut.<\/p>\n<p>Folgende Sprachst\u00f6rungen und damit in Zusammenhang stehende Auff\u00e4lligkeiten bilden den Schwerpunkt der F\u00f6rderarbeit<\/p>\n<p>&#8211; Artikulationsst\u00f6rungen<\/p>\n<p>&#8211; Syntaktisch-morphologische St\u00f6rungen (Dysgrammatismus)<\/p>\n<p>&#8211; Auditive Wahrnehmungs- und Verarbeitungsst\u00f6rungen (AVWS)<\/p>\n<p>&#8211; Sensorische Integrationsst\u00f6rung (SI-St\u00f6rung)<\/p>\n<p>&#8211; Semantisch-lexikalische Erwerbsst\u00f6rung<\/p>\n<p>&#8211; Sprachentwicklungsverz\u00f6gerung<\/p>\n<p>&#8211; Stottern<\/p>\n<p>&#8211; Poltern<\/p>\n<p>&#8211; N\u00e4seln<\/p>\n<p>&#8211; Myofunktionelle St\u00f6rungen<\/p>\n<p>Der Sprachheilunterricht umfasst (mund-) motorische \u00dcbungen, Artikulationstraining, Aufbau und Erweiterung des Wortschatzes, Erarbeitung von Grammatik und Satzstrukturen sowie die Anwendung im handlungsbezogenen Kontext und findet immer in spielerischer Form statt, da sich Kinder in ihrer Entwicklung Sprache \u00fcber das Entdecken der Welt im Spiel aneignen.<\/p>\n<p><strong>Sprachheillehrerinnen:<\/strong><\/p>\n<p>SOL Lorena TH\u00dcR<\/p>\n<p>SL\u00a0Alexandra Skalicky-G\u00fcntner<\/p>\n<p>SL Anita Weber<\/p>\n<p>SOL Veronika Niederreiter<\/p>\n<p>VL Kathrin Matzinger<\/p>\n<p>&nbsp;<\/p>\n<h2>F\u00f6rderung bei Lernschw\u00e4chen<\/h2>\n<p>Sch\u00fcler und Sch\u00fclerinnen mit Lernschw\u00e4chen m\u00fcssen gut begleitet und unterst\u00fctzt werden.<\/p>\n<p>Dar\u00fcber hinaus ben\u00f6tigen sie Aufmerksamkeit und Geduld von Seiten der Lehrer*innen und Eltern.<\/p>\n<p>Nur wer sich im Klassenverband wohl f\u00fchlt, hat Chancen auf Erfolg.<\/p>\n<p>Ein tolerantes und vorurteilsloses Miteinander ist uns in der Klasse ein gro\u00dfes Anliegen.<\/p>\n<p>Schwerpunkte:<\/p>\n<p>&#8211; Lernschwierigkeiten wahrnehmen und erkennen<\/p>\n<p>&#8211; nach Ursachen und L\u00f6sungswegen suchen<\/p>\n<p>&#8211; individuelle F\u00e4higkeiten und Fertigkeiten f\u00f6rdern<\/p>\n<p>&#8211; ressourcenorientiertes Arbeiten in den Vordergrund r\u00fccken<\/p>\n<p>&#8211; Selbstvertrauen st\u00e4rken und festigen<\/p>\n<p>&nbsp;<\/p>\n<p>Eine Ich-St\u00e4rke ist eine wichtige Voraussetzung f\u00fcr gute Leistungen.<\/p>\n<p>&nbsp;<\/p>\n<h2>Erh\u00f6hter F\u00f6rderbedarf<\/h2>\n<p>\u201eHilf mir, es selbst zu tun. Zeige mir, wie es geht. Tu es nicht f\u00fcr mich. Ich kann und will es allein tun. Hab Geduld meine Wege zu begreifen. Sie sind vielleicht l\u00e4nger, vielleicht brauche ich mehr Zeit, weil ich mehrere Versuche machen will. Mute mir Fehler und Anstrengung zu, denn daraus kann ich lernen.\u201c (Maria Montessori)<\/p>\n<p>Schwerpunkte:<\/p>\n<p>&#8211;\u00a0Individuell angepasste F\u00f6rderung\u00a0der Kulturtechniken Lesen, Schreiben und<\/p>\n<p>Rechnen\u00a0unter Ber\u00fccksichtigung\u00a0und Verwendung von Hilfsmitteln, Materialien<\/p>\n<p>mit hohem Aufforderungscharakter und abwechslungsreichem\u00a0und<\/p>\n<p>lustbetontem Lernen<\/p>\n<p>&#8211; Pers\u00f6nlichkeitsarbeit: Soziales Lernen, Biografiearbeit,\u00a0eigene Bed\u00fcrfnisse kennen und mitteilen<\/p>\n<p>k\u00f6nnen<\/p>\n<p>&#8211;\u00a0Auseinandersetzung mit der Umwelt und der Gemeinschaft<\/p>\n<p>&#8211;\u00a0Exkursionen und Projekttage<\/p>\n<p>&#8211; Berufsorientierung: Berufspraktische Tage (ab 8. Schulbesuchsjahr)<\/p>\n<p>&#8211; Jugendcoaching (ab dem 9. Schulbesuchsjahr)<\/p>\n<p>&#8211; Berufspraktisches Training innerhalb des Unterrichts<\/p>\n<p>&#8211; Besuche von Arbeitsst\u00e4tten<\/p>\n<p>&#8211;\u00a0Erh\u00f6hte Stundenanzahl des \u201eWerkunterrichts\u201c, sowie\u00a0des Unterrichtsfaches<\/p>\n<p>\u201eErn\u00e4hrung und Haushalt\u201c,\u00a0Schulung handwerklicher F\u00e4higkeiten, Zubereitung<\/p>\n<p>einfacher Speisen,\u00a0aktives Mithelfen, sich selbst als initiativ<\/p>\n<p>und selbstbestimmt erleben<\/p>\n<p>&#8211;\u00a0Offenes Lernen:\u00a0F\u00f6rderung des selbstst\u00e4ndigen Arbeitens,<\/p>\n<p>zielgerichteten Handelns und Agierens, Handlungsplanung,<\/p>\n<p>Einteilen der Arbeiten nach eigenem Interesse<\/p>\n<p>&#8211; Vermittlung von lebenspraktischen Fertigkeiten und Erlernen von\u00a0Alltagstechniken<\/p>\n<p>&#8211; Rhythmischer, strukturierter Tagesablauf<\/p>\n<p>&#8211; Projektunterricht: Interessen der Sch\u00fclerinnen und Sch\u00fcler, sowie\u00a0lebenspraktische Relevanz werden<\/p>\n<p>bei der Planung\u00a0und Durchf\u00fchrung ber\u00fccksichtigt<\/p>\n<p>&nbsp;<\/p>\n<h2>F\u00f6rderung der sozialen Kompetenzen<\/h2>\n<p>Kinder mit Defiziten im sozialen Bereich werden in Kleinklassen unterrichtet. Die F\u00f6rderschwerpunkte sind ausgelegt auf Kinder mit:<\/p>\n<p>&#8211; ADHS\/ADS<\/p>\n<p>&#8211; Autismusspektrum<\/p>\n<p>&#8211; Traumatisierungen<\/p>\n<p>&#8211; psychischen Erkrankungen<\/p>\n<p>&#8211; Impulskontrollst\u00f6rungen<\/p>\n<p>&#8211; Wahrnehmungsst\u00f6rungen<\/p>\n<p>&#8211; Bindungsst\u00f6rungen<\/p>\n<p>Der Unterricht in unseren Kleinklassen umfasst im Bereich\u00a0soziales Lernen folgende Angebote:<\/p>\n<p>&#8211; Outdoorp\u00e4dagogik\/Waldp\u00e4dagogik<\/p>\n<p>&#8211; Spiele zur F\u00f6rderung der Kommunikation und Kooperation<\/p>\n<p>&#8211; Sensorisch intergrativer Bewegungsunterricht<\/p>\n<p>&#8211;\u00a0Gro\u00df &#8211; Klein Projekte<\/p>\n<p>&#8211; Erweiterung der sozialen Kompetenzen<\/p>\n<p>&#8211; Tiergest\u00fctzte P\u00e4dagogik (Einsatz von ausgebildeten Therapiehunden)<\/p>\n<p>Unseren Lehrer*innen ist ein strukturierter Unterricht, ein freundlicher Umgangston der Sch\u00fcler*innen untereinander und das Einhalten aller vereinbarten Regeln sehr wichtig. Die Frustrationstoleranz der Sch\u00fcler\/innen soll erh\u00f6ht werden. Alle Angebote des sozialen Lernens flie\u00dfen integrativ in den Unterricht ein.<\/p>\n<p>&nbsp;<\/p>\n<h2>Berufsorientierung<\/h2>\n<p>Bei Sch\u00fcler*innen ab der 7. Schulstufe wird der Schwerpunkt auf den Bereich Berufsorientierung gelegt. Unser Anliegen ist es, alle Sch\u00fcler*innen nach Abschluss der Schulpflicht gut begleitet und vorbereitet in das Berufsleben zu entlassen.<\/p>\n<p>Folgende F\u00f6rderschwerpunkte bieten wir in diesem Bereich an:\u00a0<em><strong>\u00a0<\/strong><\/em><\/p>\n<p>&#8211; Unterrichtsgegenstand Berufsorientierung (eine Wochenstunde)<\/p>\n<p>&#8211; Berufspraktische Tage (drei Tage pro Semester ab der 8. Schulstufe)<\/p>\n<p>&#8211; Individuelle berufspraktische Tage (bis zu f\u00fcnf Tage im Schuljahr ab der 8.<\/p>\n<p>Schulbesuchsjahr)<\/p>\n<p>&#8211; Betriebserkundungen<\/p>\n<p>&#8211; Lehrausgang zum\u00a0<a href=\"http:\/\/www.ams.at\/\">AMS <\/a>und <a href=\"https:\/\/www.arbeiterkammer.at\/index.html\">AK<\/a><\/p>\n<p>&#8211;\u00a0<a href=\"http:\/\/www.neba.at\/jugendcoaching\/warum-jugendcoaching\">Jugendcoaching\u00a0<\/a><\/p>\n<p>Mit all diesen Ma\u00dfnahmen gelingt es uns, viele unserer Sch\u00fcler*innen in die Arbeitswelt einzugliedern bzw. in weiterf\u00fchrende Bildungswege zu vermitteln.<\/p>\n","protected":false},"excerpt":{"rendered":"<p>Sprachf\u00f6rderung Kinder, die einen sprachlichen F\u00f6rderbedarf aufweisen, werden im Rahmen des Unterrichts einmal pro Woche f\u00fcr eine halbe Unterrichtseinheit einzeln betreut. Folgende Sprachst\u00f6rungen und damit&hellip;<\/p>\n","protected":false},"author":1,"featured_media":0,"parent":0,"menu_order":0,"comment_status":"closed","ping_status":"closed","template":"","meta":{"footnotes":""},"class_list":["post-685","page","type-page","status-publish","hentry"],"_links":{"self":[{"href":"https:\/\/asohinterbruehl.ac.at\/wp5\/wp-json\/wp\/v2\/pages\/685","targetHints":{"allow":["GET"]}}],"collection":[{"href":"https:\/\/asohinterbruehl.ac.at\/wp5\/wp-json\/wp\/v2\/pages"}],"about":[{"href":"https:\/\/asohinterbruehl.ac.at\/wp5\/wp-json\/wp\/v2\/types\/page"}],"author":[{"embeddable":true,"href":"https:\/\/asohinterbruehl.ac.at\/wp5\/wp-json\/wp\/v2\/users\/1"}],"replies":[{"embeddable":true,"href":"https:\/\/asohinterbruehl.ac.at\/wp5\/wp-json\/wp\/v2\/comments?post=685"}],"version-history":[{"count":10,"href":"https:\/\/asohinterbruehl.ac.at\/wp5\/wp-json\/wp\/v2\/pages\/685\/revisions"}],"predecessor-version":[{"id":1430,"href":"https:\/\/asohinterbruehl.ac.at\/wp5\/wp-json\/wp\/v2\/pages\/685\/revisions\/1430"}],"wp:attachment":[{"href":"https:\/\/asohinterbruehl.ac.at\/wp5\/wp-json\/wp\/v2\/media?parent=685"}],"curies":[{"name":"wp","href":"https:\/\/api.w.org\/{rel}","templated":true}]}}